{"id":247,"date":"2025-10-17T19:02:29","date_gmt":"2025-10-17T19:02:29","guid":{"rendered":"https:\/\/www.consejotarot.com\/?page_id=247"},"modified":"2025-10-29T17:52:20","modified_gmt":"2025-10-29T17:52:20","slug":"lecturas-de-tarot","status":"publish","type":"page","link":"https:\/\/www.consejotarot.com\/index.php\/lecturas-de-tarot\/","title":{"rendered":"Lecturas de tarot"},"content":{"rendered":"\n<p>Estas son las diferentes lecturas de tarot que ofrezco. Puedes escoger la que m\u00e1s se adapte a ti.<\/p>\n\n\n\n<div class=\"wp-block-media-text has-media-on-the-right is-stacked-on-mobile\"><div class=\"wp-block-media-text__content\"><h4 class=\"wp-block-heading\" id=\"lectura-sobre-trabajo-y-economia\">Lectura sobre trabajo y econom&iacute;a<\/h4>\n\n\n\n<p>\u00bfEst\u00e1s en b\u00fasqueda de empleo? \u00bfQuieres cambiar de trabajo? \u00bfTienes un nuevo proyecto o idea para tu negocio? \u00bfTe planteas empezar alg\u00fan estudio o actividad? Esta es tu lectura.<br><br><strong>Duraci\u00f3n: 35-40 minutos.<\/strong><\/p>\n<\/div><figure class=\"wp-block-media-text__media\"><img loading=\"lazy\" decoding=\"async\" width=\"360\" height=\"360\" src=\"https:\/\/www.consejotarot.com\/wp-content\/uploads\/2025\/10\/lectura-tarot-trabajo-economia-1.jpg\" alt=\"Lectura de tarot sobre trabajo, empleo, econom\u00eda y proyectos.\" class=\"wp-image-378 size-full\" srcset=\"https:\/\/www.consejotarot.com\/wp-content\/uploads\/2025\/10\/lectura-tarot-trabajo-economia-1.jpg 360w, https:\/\/www.consejotarot.com\/wp-content\/uploads\/2025\/10\/lectura-tarot-trabajo-economia-1-300x300.jpg 300w, https:\/\/www.consejotarot.com\/wp-content\/uploads\/2025\/10\/lectura-tarot-trabajo-economia-1-150x150.jpg 150w\" sizes=\"auto, (max-width: 360px) 100vw, 360px\" \/><\/figure><\/div>\n\n\n\n<div class=\"wp-block-media-text is-stacked-on-mobile\"><figure class=\"wp-block-media-text__media\"><img loading=\"lazy\" decoding=\"async\" width=\"360\" height=\"360\" src=\"https:\/\/www.consejotarot.com\/wp-content\/uploads\/2025\/10\/lectura-tarot-amor.jpg\" alt=\"Lectura de tarot sobre amor y relaciones.\" class=\"wp-image-386 size-full\" srcset=\"https:\/\/www.consejotarot.com\/wp-content\/uploads\/2025\/10\/lectura-tarot-amor.jpg 360w, https:\/\/www.consejotarot.com\/wp-content\/uploads\/2025\/10\/lectura-tarot-amor-300x300.jpg 300w, https:\/\/www.consejotarot.com\/wp-content\/uploads\/2025\/10\/lectura-tarot-amor-150x150.jpg 150w\" sizes=\"auto, (max-width: 360px) 100vw, 360px\" \/><\/figure><div class=\"wp-block-media-text__content\"><h4 class=\"wp-block-heading\" id=\"lectura-sobre-amor-o-relaciones\">Lectura sobre amor o relaciones<\/h4>\n\n\n\n<p>\u00bfTienes una relaci\u00f3n sentimental o alguien de tu inter\u00e9s y hay algo que te preocupa?<br>\u00bfNo tienes a nadie en este momento, pero quieres ver qu\u00e9 te depara el futuro?<br>Este es el rinconcito del amor.<br><br><strong>Duraci\u00f3n: 35-40 minutos.<\/strong><\/p>\n<\/div><\/div>\n\n\n\n<div class=\"wp-block-media-text has-media-on-the-right is-stacked-on-mobile\"><div class=\"wp-block-media-text__content\"><h4 class=\"wp-block-heading\" id=\"lectura-de-crecimiento-personal\">Lectura de crecimiento personal<\/h4>\n\n\n\n<p>La lectura de los que quieren actuar y mejorar cosas que no acaban de funcionar.<br>\u00bfQuieres cambiar din\u00e1micas que no te satisfacen? \u00bfPedir consejo sobre alguna cuesti\u00f3n en concreto?<br>Esta lectura te invitar\u00e1 a reflexionar.<br><strong>Duraci\u00f3n: 35-40 minutos.<\/strong><\/p>\n<\/div><figure class=\"wp-block-media-text__media\"><img loading=\"lazy\" decoding=\"async\" width=\"360\" height=\"360\" src=\"https:\/\/www.consejotarot.com\/wp-content\/uploads\/2025\/10\/lectura-tarot-crecimiento-personal.jpg\" alt=\"Lectura de tarot sobre crecimiento personal.\" class=\"wp-image-388 size-full\" srcset=\"https:\/\/www.consejotarot.com\/wp-content\/uploads\/2025\/10\/lectura-tarot-crecimiento-personal.jpg 360w, https:\/\/www.consejotarot.com\/wp-content\/uploads\/2025\/10\/lectura-tarot-crecimiento-personal-300x300.jpg 300w, https:\/\/www.consejotarot.com\/wp-content\/uploads\/2025\/10\/lectura-tarot-crecimiento-personal-150x150.jpg 150w\" sizes=\"auto, (max-width: 360px) 100vw, 360px\" \/><\/figure><\/div>\n\n\n\n<div class=\"wp-block-media-text is-stacked-on-mobile\"><figure class=\"wp-block-media-text__media\"><img loading=\"lazy\" decoding=\"async\" width=\"360\" height=\"360\" src=\"https:\/\/www.consejotarot.com\/wp-content\/uploads\/2025\/10\/lectura-tarot-general.jpg\" alt=\"Lectura de tarot general para tratar varios aspectos.\" class=\"wp-image-391 size-full\" srcset=\"https:\/\/www.consejotarot.com\/wp-content\/uploads\/2025\/10\/lectura-tarot-general.jpg 360w, https:\/\/www.consejotarot.com\/wp-content\/uploads\/2025\/10\/lectura-tarot-general-300x300.jpg 300w, https:\/\/www.consejotarot.com\/wp-content\/uploads\/2025\/10\/lectura-tarot-general-150x150.jpg 150w\" sizes=\"auto, (max-width: 360px) 100vw, 360px\" \/><\/figure><div class=\"wp-block-media-text__content\"><h4 class=\"wp-block-heading\" id=\"lectura-general-para-tratar-varios-aspectos\">Lectura general <br>para tratar varios aspectos<\/h4>\n\n\n\n<p>Lectura m\u00e1s extensa en la que puedes hacer un mix de dos (o incluso tres) de los temas de las lecturas anteriores.<br><strong>Duraci\u00f3n: 1 hora y 10 minutos<\/strong><br><\/p>\n<\/div><\/div>\n\n\n\n<div style=\"height:75px\" aria-hidden=\"true\" class=\"wp-block-spacer\"><\/div>\n\n\n<h3 class=\"wp-block-heading\" id=\"sobre-que-temas-no-leo\">&iquest;Sobre qu&eacute; temas no leo?<\/h3>\n\n\n<ul class=\"wp-block-list is-style-check-circle is-layout-flex wp-container-core-list-is-layout-30a70405 wp-block-list-is-layout-flex\" style=\"--plover--style--block-gap:4px;\">\n<li>Salud y embarazo.<\/li>\n\n\n\n<li>Cuestiones legales (juicios, etc.).<\/li>\n\n\n\n<li>Brujer&iacute;a.<\/li>\n<\/ul>\n\n\n\n<div style=\"height:64px\" aria-hidden=\"true\" class=\"wp-block-spacer\"><\/div>\n\n\n\n<div class=\"wp-block-buttons is-content-justification-center is-layout-flex wp-container-core-buttons-is-layout-a89b3969 wp-block-buttons-is-layout-flex\">\n<div class=\"wp-block-button is-style-fill\"><a class=\"wp-block-button__link wp-element-button\" href=\"https:\/\/www.consejotarot.com\/index.php\/contacto\/\" target=\"_blank\" rel=\"noreferrer noopener nofollow\">Consulta disponibilidad<\/a><\/div>\n<\/div>\n\n\n\n<p><\/p>\n","protected":false},"excerpt":{"rendered":"<p>Estas son las diferentes lecturas de tarot que ofrezco. Puedes escoger la que m\u00e1s se adapte a ti. Lectura sobre trabajo y econom&iacute;a \u00bfEst\u00e1s en b\u00fasqueda de empleo? \u00bfQuieres cambiar de trabajo? \u00bfTienes un nuevo proyecto o idea para tu negocio? \u00bfTe planteas empezar alg\u00fan estudio o actividad? Esta es tu lectura. Duraci\u00f3n: 35-40 minutos. [&hellip;]<\/p>\n","protected":false},"author":1,"featured_media":0,"parent":0,"menu_order":0,"comment_status":"closed","ping_status":"closed","template":"","meta":{"_monsterinsights_skip_tracking":false,"_monsterinsights_sitenote_active":false,"_monsterinsights_sitenote_note":"","_monsterinsights_sitenote_category":0,"iawp_total_views":11,"footnotes":""},"class_list":["post-247","page","type-page","status-publish","hentry"],"aioseo_notices":[],"_links":{"self":[{"href":"https:\/\/www.consejotarot.com\/index.php\/wp-json\/wp\/v2\/pages\/247","targetHints":{"allow":["GET"]}}],"collection":[{"href":"https:\/\/www.consejotarot.com\/index.php\/wp-json\/wp\/v2\/pages"}],"about":[{"href":"https:\/\/www.consejotarot.com\/index.php\/wp-json\/wp\/v2\/types\/page"}],"author":[{"embeddable":true,"href":"https:\/\/www.consejotarot.com\/index.php\/wp-json\/wp\/v2\/users\/1"}],"replies":[{"embeddable":true,"href":"https:\/\/www.consejotarot.com\/index.php\/wp-json\/wp\/v2\/comments?post=247"}],"version-history":[{"count":12,"href":"https:\/\/www.consejotarot.com\/index.php\/wp-json\/wp\/v2\/pages\/247\/revisions"}],"predecessor-version":[{"id":405,"href":"https:\/\/www.consejotarot.com\/index.php\/wp-json\/wp\/v2\/pages\/247\/revisions\/405"}],"wp:attachment":[{"href":"https:\/\/www.consejotarot.com\/index.php\/wp-json\/wp\/v2\/media?parent=247"}],"curies":[{"name":"wp","href":"https:\/\/api.w.org\/{rel}","templated":true}]}}