{"id":277,"date":"2025-10-17T20:39:24","date_gmt":"2025-10-17T20:39:24","guid":{"rendered":"https:\/\/www.consejotarot.com\/?page_id=277"},"modified":"2025-10-29T20:46:17","modified_gmt":"2025-10-29T20:46:17","slug":"faq","status":"publish","type":"page","link":"https:\/\/www.consejotarot.com\/index.php\/faq\/","title":{"rendered":"FAQ"},"content":{"rendered":"\n<div class=\"wp-block-group alignwide has-neutral-950-color has-neutral-0-background-color has-text-color has-background has-link-color wp-elements-dce2687f0ca4002bfec8fc19a2b6f1c2 has-global-padding is-layout-constrained wp-container-core-group-is-layout-06622d4b wp-block-group-is-layout-constrained\" style=\"margin-top:0;margin-bottom:0;padding-top:var(--wp--preset--spacing--2-x-large);padding-bottom:var(--wp--preset--spacing--2-x-large)\">\n<div class=\"wp-block-group has-global-padding is-layout-constrained wp-container-core-group-is-layout-7d0d3654 wp-block-group-is-layout-constrained\"><h2 class=\"wp-block-heading has-text-align-center\" id=\"preguntas-frecuentes\">\n\t\t\tPreguntas frecuentes        <\/h2>\n\n\n\n<p class=\"has-text-align-center\">Si no encuentras aqu\u00ed tu duda, escr\u00edbeme y la resolvemos.<\/p>\n<\/div>\n\n\n\n<div class=\"wp-block-columns alignwide is-layout-flex wp-container-core-columns-is-layout-ec2e7a44 wp-block-columns-is-layout-flex\" style=\"padding-top:0;padding-bottom:0\">\n<div class=\"wp-block-column is-layout-flow wp-block-column-is-layout-flow\">\n<details class=\"wp-block-details has-neutral-200-background-color has-background is-layout-flow wp-block-details-is-layout-flow\" style=\"border-radius:16px;padding-top:var(--wp--preset--spacing--small);padding-right:var(--wp--preset--spacing--small);padding-bottom:var(--wp--preset--spacing--small);padding-left:var(--wp--preset--spacing--small)\"><summary>\u00bfCu\u00e1ndo y c\u00f3mo debo hacer una lectura de tarot?<\/summary>\n<p>Intenta hacer tu consulta de tarot en un momento del d\u00eda en que est\u00e9s tranquilo. Busca un entorno sin ruidos, con cierta privacidad, en el que te sientas c\u00f3modo\/a, y en el que no vayas a tener interrupciones innecesarias. Estas interrupciones te distraen no solo a ti, sino tambi\u00e9n al tarotista en su labor.<br>En cuanto a tu estado an\u00edmico, te recomiendo que evites hacer una lectura de tarot si est\u00e1s muy agitado, nervioso o disgustado. Espera a estar calmado y tranquilo para hacer la consulta. De esta manera, podr\u00e1s apreciar los mensajes con mayor claridad.<\/p>\n<\/details>\n\n\n\n<details class=\"wp-block-details has-neutral-200-background-color has-background is-layout-flow wp-block-details-is-layout-flow\" style=\"border-radius:16px;padding-top:var(--wp--preset--spacing--small);padding-right:var(--wp--preset--spacing--small);padding-bottom:var(--wp--preset--spacing--small);padding-left:var(--wp--preset--spacing--small)\"><summary>\u00bfDebo consultar a las cartas para que ellas me digan qu\u00e9 hacer?<\/summary>\n<p>No. Las lecturas pueden darte mayor claridad, una visi\u00f3n de conjunto, mostrarte alternativas o posibilidades, pero no van a decidir por ti nunca. T\u00fa decides y creas tu realidad. Muchas veces una lectura de cartas refleja una situaci\u00f3n y lo que podr\u00eda ocurrir si sigues con la misma energ\u00eda actual. Pero si t\u00fa cambias, act\u00faas diferente, renuevas actitudes y comportamientos, ese panorama reflejado en la lectura inicial tambi\u00e9n cambiar\u00e1. <\/p>\n<\/details>\n\n\n\n<details class=\"wp-block-details has-neutral-200-background-color has-background is-layout-flow wp-block-details-is-layout-flow\" style=\"border-radius:16px;padding-top:var(--wp--preset--spacing--small);padding-right:var(--wp--preset--spacing--small);padding-bottom:var(--wp--preset--spacing--small);padding-left:var(--wp--preset--spacing--small)\"><summary>\u00bfC\u00f3mo formulo mi pregunta?<\/summary>\n<p>A no ser que te interese una lectura muy general, es recomendable que formules tu pregunta de la manera m\u00e1s concreta posible. A preguntas generales, el tarot nos dar\u00e1 respuestas generales, y a preguntas m\u00e1s concretas, respuestas concretas tambi\u00e9n.<br>Si no sabes c\u00f3mo formular tu pregunta, no te preocupes. Al inicio de la sesi\u00f3n lo comentamos todo con tranquilidad y buscamos la pregunta m\u00e1s decuada.<\/p>\n<\/details>\n<\/div>\n\n\n\n<div class=\"wp-block-column is-layout-flow wp-block-column-is-layout-flow\">\n<details class=\"wp-block-details has-neutral-200-background-color has-background is-layout-flow wp-block-details-is-layout-flow\" style=\"border-radius:16px;padding-top:var(--wp--preset--spacing--small);padding-right:var(--wp--preset--spacing--small);padding-bottom:var(--wp--preset--spacing--small);padding-left:var(--wp--preset--spacing--small)\"><summary>\u00bfCu\u00e1nto tiempo debo dejar pasar entre una lectura y otra?<\/summary>\n<p>Es mejor dejar pasar un tiempo prudencial (3 o 4 semanas) entre una lectura y otra, siempre que vayamos a preguntar sobre el mismo tema. De esta manera, dejaremos que los mensajes \u00abse asienten\u00bb y podremos reflexionar bien sobre ellos. <br>Si la nueva consulta es sobre un tema distinto, entonces no hace falta espaciarlas.<\/p>\n<\/details>\n\n\n\n<details class=\"wp-block-details has-neutral-200-background-color has-background is-layout-flow wp-block-details-is-layout-flow\" style=\"border-radius:16px;padding-top:var(--wp--preset--spacing--small);padding-right:var(--wp--preset--spacing--small);padding-bottom:var(--wp--preset--spacing--small);padding-left:var(--wp--preset--spacing--small)\"><summary>\u00bfPuedo acceder a una lectura de forma inmediata?<\/summary>\n<p>No. Todas las consultas se agendan previamente. No atiendo llamadas para lecturas si no est\u00e1n programadas con antelaci\u00f3n.<\/p>\n<\/details>\n\n\n\n<details class=\"wp-block-details has-neutral-200-background-color has-background is-layout-flow wp-block-details-is-layout-flow\" style=\"border-radius:16px;padding-top:var(--wp--preset--spacing--small);padding-right:var(--wp--preset--spacing--small);padding-bottom:var(--wp--preset--spacing--small);padding-left:var(--wp--preset--spacing--small)\"><summary>\u00bfTus lecturas son evolutivas o predictivas?<\/summary>\n<p>Ambas cosas. La parte evolutiva complementa a la predictiva, y viceversa.<\/p>\n<\/details>\n<\/div>\n<\/div>\n<\/div>\n\n\n\n<div style=\"height:53px\" aria-hidden=\"true\" class=\"wp-block-spacer\"><\/div>\n","protected":false},"excerpt":{"rendered":"<p>Preguntas frecuentes Si no encuentras aqu\u00ed tu duda, escr\u00edbeme y la resolvemos.<\/p>\n","protected":false},"author":1,"featured_media":0,"parent":0,"menu_order":0,"comment_status":"closed","ping_status":"closed","template":"","meta":{"_monsterinsights_skip_tracking":false,"_monsterinsights_sitenote_active":false,"_monsterinsights_sitenote_note":"","_monsterinsights_sitenote_category":0,"iawp_total_views":5,"footnotes":""},"class_list":["post-277","page","type-page","status-publish","hentry"],"aioseo_notices":[],"_links":{"self":[{"href":"https:\/\/www.consejotarot.com\/index.php\/wp-json\/wp\/v2\/pages\/277","targetHints":{"allow":["GET"]}}],"collection":[{"href":"https:\/\/www.consejotarot.com\/index.php\/wp-json\/wp\/v2\/pages"}],"about":[{"href":"https:\/\/www.consejotarot.com\/index.php\/wp-json\/wp\/v2\/types\/page"}],"author":[{"embeddable":true,"href":"https:\/\/www.consejotarot.com\/index.php\/wp-json\/wp\/v2\/users\/1"}],"replies":[{"embeddable":true,"href":"https:\/\/www.consejotarot.com\/index.php\/wp-json\/wp\/v2\/comments?post=277"}],"version-history":[{"count":9,"href":"https:\/\/www.consejotarot.com\/index.php\/wp-json\/wp\/v2\/pages\/277\/revisions"}],"predecessor-version":[{"id":444,"href":"https:\/\/www.consejotarot.com\/index.php\/wp-json\/wp\/v2\/pages\/277\/revisions\/444"}],"wp:attachment":[{"href":"https:\/\/www.consejotarot.com\/index.php\/wp-json\/wp\/v2\/media?parent=277"}],"curies":[{"name":"wp","href":"https:\/\/api.w.org\/{rel}","templated":true}]}}