{"id":289,"date":"2025-10-17T20:54:39","date_gmt":"2025-10-17T20:54:39","guid":{"rendered":"https:\/\/www.consejotarot.com\/?page_id=289"},"modified":"2025-10-29T18:09:16","modified_gmt":"2025-10-29T18:09:16","slug":"sobre-mi","status":"publish","type":"page","link":"https:\/\/www.consejotarot.com\/index.php\/sobre-mi\/","title":{"rendered":"Sobre m\u00ed"},"content":{"rendered":"\n<div class=\"wp-block-columns alignwide are-vertically-aligned-center is-layout-flex wp-container-core-columns-is-layout-cbbf8ae3 wp-block-columns-is-layout-flex\" style=\"padding-top:var(--wp--preset--spacing--large);padding-bottom:var(--wp--preset--spacing--large)\">\n<div class=\"wp-block-column is-vertically-aligned-center is-layout-flow wp-block-column-is-layout-flow\" style=\"flex-basis:50%\">\n<figure class=\"wp-block-image aligncenter size-full is-resized\"><img loading=\"lazy\" decoding=\"async\" width=\"334\" height=\"400\" src=\"https:\/\/www.consejotarot.com\/wp-content\/uploads\/2025\/10\/AboutSusana.jpg\" alt=\"\" class=\"wp-image-393\" style=\"width:462px;height:auto\" srcset=\"https:\/\/www.consejotarot.com\/wp-content\/uploads\/2025\/10\/AboutSusana.jpg 334w, https:\/\/www.consejotarot.com\/wp-content\/uploads\/2025\/10\/AboutSusana-251x300.jpg 251w\" sizes=\"auto, (max-width: 334px) 100vw, 334px\" \/><\/figure>\n<\/div>\n\n\n<div class=\"wp-block-column is-vertically-aligned-center is-layout-flow wp-block-column-is-layout-flow has-order-tablet has-order-mobile\" style=\"flex-basis:50%;--order-tablet:1;--order-mobile:1;\">\n<p>Me llamo Susana y soy la persona detr&aacute;s del nombre Consejo Tarot. <\/p>\n\n\n\n<p>Desde peque&ntilde;a sent&iacute; que ten&iacute;a una intuici&oacute;n y capacidad sensitiva bastante desarrolladas, aunque nunca supe muy bien qu&eacute; hacer con ellas. No fue hasta que descubr&iacute; el tarot que me di cuenta de que pod&iacute;a utilizar esas habilidades en beneficio de los dem&aacute;s. De ah&iacute; naci&oacute; mi decisi&oacute;n de dedicarme profesionalmente a la lectura del tarot.<\/p>\n\n\n\n<p>Mi trabajo me apasiona y lo llevo a cabo con mucha energ&iacute;a positiva, entusiasmo y dedicaci&oacute;n. Si quieres conocerme un poco m&aacute;s, visita alguna de mis redes sociales y mira alguno de mis v&iacute;deos. As&iacute; podr&aacute;s ver cu&aacute;l es mi manera de leer el tarot y expresarme. Si crees que conectas con ella y quieres solicitar tu cita para una consulta privada, no dudes en ponerte en contacto conmigo.<\/p>\n\n\n\n<p>&iexcl;Un abrazo!<\/p>\n\n\n\n<div style=\"height:18px\" aria-hidden=\"true\" class=\"wp-block-spacer\"><\/div>\n\n\n\n<div class=\"wp-block-group is-nowrap is-layout-flex wp-container-core-group-is-layout-6c531013 wp-block-group-is-layout-flex\">\n<div class=\"wp-block-buttons is-layout-flex wp-block-buttons-is-layout-flex\">\n<div class=\"wp-block-button\"><a class=\"wp-block-button__link wp-element-button\" href=\"https:\/\/www.consejotarot.com\/index.php\/contacto\/\" target=\"_blank\" rel=\"noreferrer noopener nofollow\">Contactar<\/a><\/div>\n<\/div>\n<\/div>\n<\/div>\n<\/div>\n\n\n\n<div style=\"height:30px\" aria-hidden=\"true\" class=\"wp-block-spacer\"><\/div>\n\n\n\n<p><\/p>\n","protected":false},"excerpt":{"rendered":"<p>Me llamo Susana y soy la persona detr\u00e1s del nombre Consejo Tarot. Desde peque\u00f1a sent\u00ed que ten\u00eda una intuici\u00f3n y capacidad sensitiva bastante desarrolladas, aunque nunca supe muy bien qu\u00e9 hacer con ellas. No fue hasta que descubr\u00ed el tarot que me di cuenta de que pod\u00eda utilizar esas habilidades en beneficio de los dem\u00e1s. [&hellip;]<\/p>\n","protected":false},"author":1,"featured_media":0,"parent":0,"menu_order":0,"comment_status":"closed","ping_status":"closed","template":"","meta":{"_monsterinsights_skip_tracking":false,"_monsterinsights_sitenote_active":false,"_monsterinsights_sitenote_note":"","_monsterinsights_sitenote_category":0,"iawp_total_views":6,"footnotes":""},"class_list":["post-289","page","type-page","status-publish","hentry"],"aioseo_notices":[],"_links":{"self":[{"href":"https:\/\/www.consejotarot.com\/index.php\/wp-json\/wp\/v2\/pages\/289","targetHints":{"allow":["GET"]}}],"collection":[{"href":"https:\/\/www.consejotarot.com\/index.php\/wp-json\/wp\/v2\/pages"}],"about":[{"href":"https:\/\/www.consejotarot.com\/index.php\/wp-json\/wp\/v2\/types\/page"}],"author":[{"embeddable":true,"href":"https:\/\/www.consejotarot.com\/index.php\/wp-json\/wp\/v2\/users\/1"}],"replies":[{"embeddable":true,"href":"https:\/\/www.consejotarot.com\/index.php\/wp-json\/wp\/v2\/comments?post=289"}],"version-history":[{"count":8,"href":"https:\/\/www.consejotarot.com\/index.php\/wp-json\/wp\/v2\/pages\/289\/revisions"}],"predecessor-version":[{"id":409,"href":"https:\/\/www.consejotarot.com\/index.php\/wp-json\/wp\/v2\/pages\/289\/revisions\/409"}],"wp:attachment":[{"href":"https:\/\/www.consejotarot.com\/index.php\/wp-json\/wp\/v2\/media?parent=289"}],"curies":[{"name":"wp","href":"https:\/\/api.w.org\/{rel}","templated":true}]}}