{"id":309,"date":"2025-10-19T17:21:39","date_gmt":"2025-10-19T17:21:39","guid":{"rendered":"https:\/\/www.consejotarot.com\/?page_id=309"},"modified":"2025-10-29T20:53:51","modified_gmt":"2025-10-29T20:53:51","slug":"que-puede-aportarte-una-lectura-de-tarot","status":"publish","type":"page","link":"https:\/\/www.consejotarot.com\/index.php\/que-puede-aportarte-una-lectura-de-tarot\/","title":{"rendered":"\u00bfQu\u00e9 puede aportarte una lectura de tarot?"},"content":{"rendered":"\n<p class=\"has-text-align-left\">M\u00e1s all\u00e1 del aspecto puramente predictivo, el tarot puede ser de gran utilidad en otras cuestiones. Veamos qu\u00e9 puede mostrarnos.<\/p>\n\n\n\n<div style=\"height:29px\" aria-hidden=\"true\" class=\"wp-block-spacer\"><\/div>\n\n\n\n<div class=\"wp-block-media-text alignwide has-media-on-the-right is-stacked-on-mobile\" style=\"grid-template-columns:auto 36%\"><div class=\"wp-block-media-text__content\"><h4 class=\"wp-block-heading\" id=\"una-vision-de-conjunto\">Una visi&oacute;n de conjunto<\/h4>\n\n\n\n<p>A veces, cuando estamos inmersos en una situaci\u00f3n, nos cuesta ver las cosas con cierta distancia. El tarot en esos casos puede darnos una visi\u00f3n global de un escenario concreto.<\/p>\n<\/div><figure class=\"wp-block-media-text__media\"><img loading=\"lazy\" decoding=\"async\" width=\"360\" height=\"240\" src=\"https:\/\/www.consejotarot.com\/wp-content\/uploads\/2025\/10\/tarot-vision-global.jpg\" alt=\"\" class=\"wp-image-380 size-full\" srcset=\"https:\/\/www.consejotarot.com\/wp-content\/uploads\/2025\/10\/tarot-vision-global.jpg 360w, https:\/\/www.consejotarot.com\/wp-content\/uploads\/2025\/10\/tarot-vision-global-300x200.jpg 300w\" sizes=\"auto, (max-width: 360px) 100vw, 360px\" \/><\/figure><\/div>\n\n\n\n<div style=\"height:48px\" aria-hidden=\"true\" class=\"wp-block-spacer\"><\/div>\n\n\n\n<div class=\"wp-block-media-text alignwide is-stacked-on-mobile\" style=\"grid-template-columns:36% auto\"><figure class=\"wp-block-media-text__media\"><img loading=\"lazy\" decoding=\"async\" width=\"360\" height=\"260\" src=\"https:\/\/www.consejotarot.com\/wp-content\/uploads\/2025\/10\/tarot-alternativas.jpg\" alt=\"\" class=\"wp-image-382 size-full\" srcset=\"https:\/\/www.consejotarot.com\/wp-content\/uploads\/2025\/10\/tarot-alternativas.jpg 360w, https:\/\/www.consejotarot.com\/wp-content\/uploads\/2025\/10\/tarot-alternativas-300x217.jpg 300w\" sizes=\"auto, (max-width: 360px) 100vw, 360px\" \/><\/figure><div class=\"wp-block-media-text__content\"><h4 class=\"wp-block-heading\" id=\"diferentes-opciones-posibles\">Diferentes opciones posibles<\/h4>\n\n\n\n<p>Una lectura de tarot puede poner sobre la mesa diferentes alternativas que quiz\u00e1s no hemos contemplado hasta entonces. Estas nuevas posibilidades pueden ayudarnos a gestionar mejor la situaci\u00f3n que nos preocupa.<\/p>\n<\/div><\/div>\n\n\n\n<div style=\"height:48px\" aria-hidden=\"true\" class=\"wp-block-spacer\"><\/div>\n\n\n\n<div class=\"wp-block-media-text alignwide has-media-on-the-right is-stacked-on-mobile\" style=\"grid-template-columns:auto 36%\"><div class=\"wp-block-media-text__content\"><h4 class=\"wp-block-heading\" id=\"claridad-y-reflexion\">Claridad y reflexi&oacute;n<\/h4>\n\n\n\n<p>En algunas ocasiones, el tarot nos muestra informaci\u00f3n importante sobre nosotros mismos que vale la pena meditar y reflexionar. En otras, el mensaje obtenido puede proporcionarnos una gran claridad y serenidad.<\/p>\n<\/div><figure class=\"wp-block-media-text__media\"><img loading=\"lazy\" decoding=\"async\" width=\"360\" height=\"241\" src=\"https:\/\/www.consejotarot.com\/wp-content\/uploads\/2025\/10\/tarot-claridad.jpg\" alt=\"\" class=\"wp-image-384 size-full\" srcset=\"https:\/\/www.consejotarot.com\/wp-content\/uploads\/2025\/10\/tarot-claridad.jpg 360w, https:\/\/www.consejotarot.com\/wp-content\/uploads\/2025\/10\/tarot-claridad-300x201.jpg 300w\" sizes=\"auto, (max-width: 360px) 100vw, 360px\" \/><\/figure><\/div>\n\n\n\n<div style=\"height:70px\" aria-hidden=\"true\" class=\"wp-block-spacer\"><\/div>\n\n\n\n<figure class=\"wp-block-pullquote alignwide\"><blockquote><p>Elige tu <a href=\"https:\/\/www.consejotarot.com\/index.php\/lecturas-de-tarot\/\" target=\"_blank\" rel=\"noreferrer noopener\">lectura de tarot<\/a><\/p><\/blockquote><\/figure>\n\n\n\n<div style=\"height:100px\" aria-hidden=\"true\" class=\"wp-block-spacer\"><\/div>\n","protected":false},"excerpt":{"rendered":"<p>M\u00e1s all\u00e1 del aspecto puramente predictivo, el tarot puede ser de gran utilidad en otras cuestiones. Veamos qu\u00e9 puede mostrarnos. Una visi&oacute;n de conjunto A veces, cuando estamos inmersos en una situaci\u00f3n, nos cuesta ver las cosas con cierta distancia. El tarot en esos casos puede darnos una visi\u00f3n global de un escenario concreto. Diferentes [&hellip;]<\/p>\n","protected":false},"author":1,"featured_media":0,"parent":0,"menu_order":0,"comment_status":"closed","ping_status":"closed","template":"","meta":{"_monsterinsights_skip_tracking":false,"_monsterinsights_sitenote_active":false,"_monsterinsights_sitenote_note":"","_monsterinsights_sitenote_category":0,"iawp_total_views":11,"footnotes":""},"class_list":["post-309","page","type-page","status-publish","hentry"],"aioseo_notices":[],"_links":{"self":[{"href":"https:\/\/www.consejotarot.com\/index.php\/wp-json\/wp\/v2\/pages\/309","targetHints":{"allow":["GET"]}}],"collection":[{"href":"https:\/\/www.consejotarot.com\/index.php\/wp-json\/wp\/v2\/pages"}],"about":[{"href":"https:\/\/www.consejotarot.com\/index.php\/wp-json\/wp\/v2\/types\/page"}],"author":[{"embeddable":true,"href":"https:\/\/www.consejotarot.com\/index.php\/wp-json\/wp\/v2\/users\/1"}],"replies":[{"embeddable":true,"href":"https:\/\/www.consejotarot.com\/index.php\/wp-json\/wp\/v2\/comments?post=309"}],"version-history":[{"count":13,"href":"https:\/\/www.consejotarot.com\/index.php\/wp-json\/wp\/v2\/pages\/309\/revisions"}],"predecessor-version":[{"id":447,"href":"https:\/\/www.consejotarot.com\/index.php\/wp-json\/wp\/v2\/pages\/309\/revisions\/447"}],"wp:attachment":[{"href":"https:\/\/www.consejotarot.com\/index.php\/wp-json\/wp\/v2\/media?parent=309"}],"curies":[{"name":"wp","href":"https:\/\/api.w.org\/{rel}","templated":true}]}}